{"id":318,"date":"2024-04-30T11:19:37","date_gmt":"2024-04-30T10:19:37","guid":{"rendered":"http:\/\/www.flexipol.com\/history\/"},"modified":"2024-05-08T14:59:51","modified_gmt":"2024-05-08T13:59:51","slug":"history","status":"publish","type":"page","link":"https:\/\/www.flexipol.com\/en\/history\/","title":{"rendered":"History"},"content":{"rendered":"<p>[et_pb_section fb_built=&#8221;1&#8243; _builder_version=&#8221;4.25.0&#8243; _module_preset=&#8221;default&#8221; background_color=&#8221;rgba(255,255,255,0.29)&#8221; background_image=&#8221;\/wp-content\/uploads\/2024\/04\/JFFV052723-1500&#215;600-1.jpg&#8221; background_size=&#8221;stretch&#8221; height=&#8221;500px&#8221; custom_padding=&#8221;18px||18px||true|false&#8221; hover_enabled=&#8221;0&#8243; global_colors_info=&#8221;{}&#8221; sticky_enabled=&#8221;0&#8243;][et_pb_row _builder_version=&#8221;4.25.0&#8243; _module_preset=&#8221;default&#8221; custom_padding=&#8221;4px||0px|||&#8221; global_colors_info=&#8221;{}&#8221;][et_pb_column type=&#8221;4_4&#8243; _builder_version=&#8221;4.25.0&#8243; _module_preset=&#8221;default&#8221; global_colors_info=&#8221;{}&#8221;][et_pb_accordion icon_color=&#8221;RGBA(255,255,255,0)&#8221; _builder_version=&#8221;4.25.0&#8243; _module_preset=&#8221;default&#8221; global_colors_info=&#8221;{}&#8221;][et_pb_accordion_item title=&#8221;1960&#039;s&#8221; open=&#8221;on&#8221; open_toggle_text_color=&#8221;#ee7d00&#8243; open_toggle_background_color=&#8221;RGBA(255,255,255,0)&#8221; closed_toggle_text_color=&#8221;#ee7d00&#8243; closed_toggle_background_color=&#8221;RGBA(255,255,255,0)&#8221; icon_color=&#8221;RGBA(255,255,255,0)&#8221; use_icon_font_size=&#8221;on&#8221; icon_font_size=&#8221;18px&#8221; _builder_version=&#8221;4.25.0&#8243; _module_preset=&#8221;default&#8221; body_text_color=&#8221;#333333&#8243; background_color=&#8221;RGBA(255,255,255,0)&#8221; background_enable_color=&#8221;on&#8221; custom_margin=&#8221;1em||0px||false|false&#8221; custom_padding=&#8221;1em||0px||false|false&#8221; border_width_all=&#8221;0px&#8221; global_colors_info=&#8221;{}&#8221;]<\/p>\n<p><span>Founded on April 30, 1964, Flexipol today demonstrates its great capacity to adapt and grow, depending on the different and constant changes in the markets. Its history speaks for itself.<\/span><\/p>\n<p>[\/et_pb_accordion_item][et_pb_accordion_item title=&#8221;1970&#039;s&#8221; open_toggle_text_color=&#8221;#ee7d00&#8243; open_toggle_background_color=&#8221;RGBA(255,255,255,0)&#8221; closed_toggle_text_color=&#8221;#ee7d00&#8243; closed_toggle_background_color=&#8221;RGBA(255,255,255,0)&#8221; icon_color=&#8221;RGBA(255,255,255,0)&#8221; use_icon_font_size=&#8221;on&#8221; icon_font_size=&#8221;18px&#8221; _builder_version=&#8221;4.25.0&#8243; _module_preset=&#8221;default&#8221; body_text_color=&#8221;#333333&#8243; background_color=&#8221;RGBA(255,255,255,0)&#8221; background_enable_color=&#8221;on&#8221; custom_margin=&#8221;1em||0px||false|false&#8221; custom_padding=&#8221;1em||0px||false|false&#8221; border_width_all=&#8221;0px&#8221; global_colors_info=&#8221;{}&#8221; open=&#8221;off&#8221;]<\/p>\n<p>1974 \u2013 Starts the production of polyurethane foam blocks in the new facilities in S. Jo\u00e3o da Madeira.<\/p>\n<p>[\/et_pb_accordion_item][et_pb_accordion_item title=&#8221;1980&#039;s&#8221; open_toggle_text_color=&#8221;#ee7d00&#8243; open_toggle_background_color=&#8221;RGBA(255,255,255,0)&#8221; closed_toggle_text_color=&#8221;#ee7d00&#8243; closed_toggle_background_color=&#8221;RGBA(255,255,255,0)&#8221; icon_color=&#8221;RGBA(255,255,255,0)&#8221; use_icon_font_size=&#8221;on&#8221; icon_font_size=&#8221;18px&#8221; _builder_version=&#8221;4.25.0&#8243; _module_preset=&#8221;default&#8221; body_text_color=&#8221;#333333&#8243; background_color=&#8221;RGBA(255,255,255,0)&#8221; background_enable_color=&#8221;on&#8221; custom_margin=&#8221;1em||0px||false|false&#8221; custom_padding=&#8221;1em||0px||false|false&#8221; border_width_all=&#8221;0px&#8221; global_colors_info=&#8221;{}&#8221; open=&#8221;off&#8221;]<\/p>\n<p>1981 \u2013 Soci\u00e9t\u00e9 Industrielle Bertrand Faure, S.A. joins, further boosting Flexipol&#8217;s participation in the automotive market;<\/p>\n<p>1982 \u2013 Starts production of heat-molded foam;<\/p>\n<p>1987 \u2013 Another important event&#8230; The acquisition of the Polyester Foam Block Production Line.<\/p>\n<p>1989 \u2013 A new production line for highly resilient molded foams is acquired<\/p>\n<p>[\/et_pb_accordion_item][et_pb_accordion_item title=&#8221;1990&#039;s&#8221; open_toggle_text_color=&#8221;#ee7d00&#8243; open_toggle_background_color=&#8221;RGBA(255,255,255,0)&#8221; closed_toggle_text_color=&#8221;#ee7d00&#8243; closed_toggle_background_color=&#8221;RGBA(255,255,255,0)&#8221; icon_color=&#8221;RGBA(255,255,255,0)&#8221; use_icon_font_size=&#8221;on&#8221; icon_font_size=&#8221;18px&#8221; _builder_version=&#8221;4.25.0&#8243; _module_preset=&#8221;default&#8221; body_text_color=&#8221;#333333&#8243; background_color=&#8221;RGBA(255,255,255,0)&#8221; background_enable_color=&#8221;on&#8221; custom_margin=&#8221;1em||0px||false|false&#8221; custom_padding=&#8221;1em||0px||false|false&#8221; border_width_all=&#8221;0px&#8221; global_colors_info=&#8221;{}&#8221; open=&#8221;off&#8221;]<\/p>\n<p>1991 \u2013 Bertrande Faure becomes the majority shareholder of Flexipol.<\/p>\n<p>1991 \u2013 Bertrande Faure becomes the majority shareholder of Flexipol.<\/p>\n<p>1995 \u2013 In the same year, the company is certified according to the NP EN ISO 9002:1994 Standard.<\/p>\n<p>1996 \u2013 Grupo Copo buys Flexipol.<\/p>\n<p>[\/et_pb_accordion_item][et_pb_accordion_item title=&#8221;2000&#039;s&#8221; open_toggle_text_color=&#8221;#ee7d00&#8243; open_toggle_background_color=&#8221;RGBA(255,255,255,0)&#8221; closed_toggle_text_color=&#8221;#ee7d00&#8243; closed_toggle_background_color=&#8221;RGBA(255,255,255,0)&#8221; icon_color=&#8221;RGBA(255,255,255,0)&#8221; use_icon_font_size=&#8221;on&#8221; icon_font_size=&#8221;18px&#8221; _builder_version=&#8221;4.25.0&#8243; _module_preset=&#8221;default&#8221; body_text_color=&#8221;#333333&#8243; background_color=&#8221;RGBA(255,255,255,0)&#8221; background_enable_color=&#8221;on&#8221; custom_margin=&#8221;1em||0px||false|false&#8221; custom_padding=&#8221;1em||0px||false|false&#8221; border_width_all=&#8221;0px&#8221; global_colors_info=&#8221;{}&#8221; open=&#8221;off&#8221;]<\/p>\n<p>2000 \u2013 Start-up of the new moulded foam line for the manufacture of mattresses and pillows.<\/p>\n<p>2000 \u2013 Start-up of the 2nd Transformation Line (Baumer) of 60-metre blocks into rolls.<\/p>\n<p>2001 \u2013 Flexipol is certified according to the UNE EN ISO 9001:2000 standard.<\/p>\n<p>2003 \u2013 A carousel is installed for the production of cold-formed cushions.<\/p>\n<p>2005 \u2013 The installation of the 3rd Baumer roll cutting line for 60-metre blocks is completed.<\/p>\n<p>[\/et_pb_accordion_item][et_pb_accordion_item title=&#8221;2010&#039;s&#8221; open_toggle_text_color=&#8221;#ee7d00&#8243; open_toggle_background_color=&#8221;RGBA(255,255,255,0)&#8221; closed_toggle_text_color=&#8221;#ee7d00&#8243; closed_toggle_background_color=&#8221;RGBA(255,255,255,0)&#8221; icon_color=&#8221;RGBA(255,255,255,0)&#8221; use_icon_font_size=&#8221;on&#8221; icon_font_size=&#8221;18px&#8221; _builder_version=&#8221;4.25.0&#8243; _module_preset=&#8221;default&#8221; body_text_color=&#8221;#333333&#8243; background_color=&#8221;RGBA(255,255,255,0)&#8221; background_enable_color=&#8221;on&#8221; custom_margin=&#8221;1em||0px||false|false&#8221; custom_padding=&#8221;1em||0px||false|false&#8221; border_width_all=&#8221;0px&#8221; global_colors_info=&#8221;{}&#8221; open=&#8221;off&#8221;]<\/p>\n<p>2012 \u2013 Achievement of ISO TS certifications; ISO 14001; NP4457<\/p>\n<p>[\/et_pb_accordion_item][\/et_pb_accordion][\/et_pb_column][\/et_pb_row][\/et_pb_section][et_pb_section fb_built=&#8221;1&#8243; _builder_version=&#8221;4.25.0&#8243; _module_preset=&#8221;default&#8221; global_colors_info=&#8221;{}&#8221;][et_pb_row _builder_version=&#8221;4.25.0&#8243; _module_preset=&#8221;default&#8221; global_colors_info=&#8221;{}&#8221;][et_pb_column type=&#8221;4_4&#8243; _builder_version=&#8221;4.25.0&#8243; _module_preset=&#8221;default&#8221; global_colors_info=&#8221;{}&#8221;][et_pb_text _builder_version=&#8221;4.25.0&#8243; _module_preset=&#8221;default&#8221; global_colors_info=&#8221;{}&#8221;]<\/p>\n<p>Founded on April 30, 1964, Flexipol today demonstrates its great capacity to adapt and grow, depending on the different and constant changes in the markets. Its history speaks for itself.<\/p>\n<p>Focused on the customer, with the ideal of improving the present and creating the future, Flexipol has been evolving and investing in its processes to meet the needs of its customers.<\/p>\n<p>It is today a solid company in different markets Automotive, Bedding, Furniture, Footwear, &#8230; thanks also to the qualification of its human resources. These are its primary tool that has allowed the Flexipol name to be internationally recognized as a supplier and as a reference partner.<\/p>\n<p>Starting its industrial activity in 1964, with the production of polyurethane foam, as well as the manufacture of upholstery, it quickly established itself in the market.<\/p>\n<p>In this way, it felt the need to increase its facilities, taking into account the growing needs of the industry.<\/p>\n<p>Therefore, in 1973, work began on the construction of the current factory. Ap\u00f3s um ano, a sua actividade de produ\u00e7\u00e3o de espuma de poliuretano em bloco After a year, its activity of producing polyurethane foam blocks was already a reality, thus adding a new technology to the process.<\/p>\n<p>Over time, the needs of the market have been driving the various changes and works to increase capacity and optimize processes.<\/p>\n<p>Over almost 50 years, there have been many remarkable events that have led Flexipol to be today a company operating in several markets with recognized value.<\/p>\n<p>History will thus continue to be built, for many years, together with customers and, above all, for them&#8230;<\/p>\n<p>[\/et_pb_text][\/et_pb_column][\/et_pb_row][\/et_pb_section]<\/p>\n","protected":false},"excerpt":{"rendered":"<p>Founded on April 30, 1964, Flexipol today demonstrates its great capacity to adapt and grow, depending on the different and constant changes in the markets. Its history speaks for itself.1974 \u2013 Starts the production of polyurethane foam blocks in the new facilities in S. Jo\u00e3o da Madeira.1981 \u2013 Soci\u00e9t\u00e9 Industrielle Bertrand Faure, S.A. joins, further [&hellip;]<\/p>\n","protected":false},"author":1,"featured_media":0,"parent":0,"menu_order":0,"comment_status":"closed","ping_status":"closed","template":"","meta":{"_et_pb_use_builder":"on","_et_pb_old_content":"","_et_gb_content_width":"","footnotes":""},"class_list":["post-318","page","type-page","status-publish","hentry"],"_links":{"self":[{"href":"https:\/\/www.flexipol.com\/en\/wp-json\/wp\/v2\/pages\/318","targetHints":{"allow":["GET"]}}],"collection":[{"href":"https:\/\/www.flexipol.com\/en\/wp-json\/wp\/v2\/pages"}],"about":[{"href":"https:\/\/www.flexipol.com\/en\/wp-json\/wp\/v2\/types\/page"}],"author":[{"embeddable":true,"href":"https:\/\/www.flexipol.com\/en\/wp-json\/wp\/v2\/users\/1"}],"replies":[{"embeddable":true,"href":"https:\/\/www.flexipol.com\/en\/wp-json\/wp\/v2\/comments?post=318"}],"version-history":[{"count":27,"href":"https:\/\/www.flexipol.com\/en\/wp-json\/wp\/v2\/pages\/318\/revisions"}],"predecessor-version":[{"id":574,"href":"https:\/\/www.flexipol.com\/en\/wp-json\/wp\/v2\/pages\/318\/revisions\/574"}],"wp:attachment":[{"href":"https:\/\/www.flexipol.com\/en\/wp-json\/wp\/v2\/media?parent=318"}],"curies":[{"name":"wp","href":"https:\/\/api.w.org\/{rel}","templated":true}]}}